{"id":232,"date":"2024-10-29T10:50:00","date_gmt":"2024-10-29T09:50:00","guid":{"rendered":"https:\/\/www.berndis.com\/hundefotografie\/?page_id=232"},"modified":"2025-12-26T20:14:32","modified_gmt":"2025-12-26T19:14:32","slug":"hunde-fotoshooting-buchen","status":"publish","type":"page","link":"https:\/\/www.berndis.com\/hundefotografie\/hunde-fotoshooting-buchen\/","title":{"rendered":"Kontakt"},"content":{"rendered":"<p>[et_pb_section fb_built=&#8220;1&#8243; prev_background_color=&#8220;#ffffff&#8220; _builder_version=&#8220;4.27.2&#8243; _module_preset=&#8220;default&#8220; background_color=&#8220;rgba(188,188,188,0.2)&#8220; top_divider_style=&#8220;waves2&#8243; bottom_divider_style=&#8220;graph3&#8243; bottom_divider_color=&#8220;RGBA(255,255,255,0)&#8220; global_colors_info=&#8220;{}&#8220;][et_pb_row _builder_version=&#8220;4.27.2&#8243; _module_preset=&#8220;default&#8220; global_colors_info=&#8220;{}&#8220;][et_pb_column type=&#8220;4_4&#8243; _builder_version=&#8220;4.27.2&#8243; _module_preset=&#8220;default&#8220; global_colors_info=&#8220;{}&#8220;][et_pb_text _builder_version=&#8220;4.27.2&#8243; _module_preset=&#8220;default&#8220; global_colors_info=&#8220;{}&#8220;]<\/p>\n<h1>So kannst Du mit mir Kontakt aufnehmen&#8230;<\/h1>\n<p>[\/et_pb_text][et_pb_text _builder_version=&#8220;4.27.2&#8243; _module_preset=&#8220;default&#8220; global_colors_info=&#8220;{}&#8220;]<\/p>\n<p>Entweder per Telefon, Whatsapp, email oder \u00fcber das unten angezeigte Kontaktformular.<\/p>\n<p>Tel.\/Whatsapp : +49 160 418 92 93<\/p>\n<p>email: <a href=\"mailto:berndishundefotografie@gmail.com\">berndishundefotografie@gmail.com<\/a><\/p>\n<p>Ich freue mich auf Deine Nachricht!<\/p>\n<p>[\/et_pb_text][\/et_pb_column][\/et_pb_row][et_pb_row _builder_version=&#8220;4.27.4&#8243; _module_preset=&#8220;default&#8220; custom_margin=&#8220;|auto|1px|auto||&#8220; global_colors_info=&#8220;{}&#8220;][et_pb_column type=&#8220;4_4&#8243; _builder_version=&#8220;4.27.4&#8243; _module_preset=&#8220;default&#8220; global_colors_info=&#8220;{}&#8220;][et_pb_code _builder_version=&#8220;4.27.4&#8243; _module_preset=&#8220;default&#8220; global_colors_info=&#8220;{}&#8220;]\t<style id=\"wpforms-css-vars-18\">\n\t\t\t\t#wpforms-18 {\n\t\t\t\t--wpforms-container-padding: 0px;\n--wpforms-container-border-width: 1px;\n--wpforms-container-border-radius: 3px;\n--wpforms-background-color: rgba(0, 0, 0, 0);\n--wpforms-field-size-input-height: 43px;\n--wpforms-field-size-input-spacing: 15px;\n--wpforms-field-size-font-size: 16px;\n--wpforms-field-size-line-height: 19px;\n--wpforms-field-size-padding-h: 14px;\n--wpforms-field-size-checkbox-size: 16px;\n--wpforms-field-size-sublabel-spacing: 5px;\n--wpforms-field-size-icon-size: 1;\n--wpforms-label-size-font-size: 16px;\n--wpforms-label-size-line-height: 19px;\n--wpforms-label-size-sublabel-font-size: 14px;\n--wpforms-label-size-sublabel-line-height: 17px;\n--wpforms-button-size-font-size: 17px;\n--wpforms-button-size-height: 41px;\n--wpforms-button-size-padding-h: 15px;\n--wpforms-button-size-margin-top: 10px;\n--wpforms-container-shadow-size-box-shadow: none;\n\t\t\t}\n\t\t\t<\/style><div class=\"wpforms-container wpforms-container-full wpforms-render-modern\" id=\"wpforms-18\"><form id=\"wpforms-form-18\" class=\"wpforms-validate wpforms-form wpforms-ajax-form\" data-formid=\"18\" method=\"post\" enctype=\"multipart\/form-data\" action=\"\/hundefotografie\/wp-json\/wp\/v2\/pages\/232\" data-token=\"0d151739af81d3d74bfcaee0325c1ed5\" data-token-time=\"1776354697\"><noscript class=\"wpforms-error-noscript\">Bitte aktiviere JavaScript in deinem Browser, um dieses Formular fertigzustellen.<\/noscript><div id=\"wpforms-error-noscript\" style=\"display: none;\">Bitte aktiviere JavaScript in deinem Browser, um dieses Formular fertigzustellen.<\/div><div class=\"wpforms-field-container\"><div id=\"wpforms-18-field_1-container\" class=\"wpforms-field wpforms-field-name\" data-field-id=\"1\"><label class=\"wpforms-field-label\" for=\"wpforms-18-field_1\">Name <span class=\"wpforms-required-label\" aria-hidden=\"true\">*<\/span><\/label><input type=\"text\" id=\"wpforms-18-field_1\" class=\"wpforms-field-medium wpforms-field-required\" name=\"wpforms[fields][1]\" aria-errormessage=\"wpforms-18-field_1-error\" required><\/div><div id=\"wpforms-18-field_2-container\" class=\"wpforms-field wpforms-field-email\" data-field-id=\"2\"><label class=\"wpforms-field-label\" for=\"wpforms-18-field_2\">E-Mail-Adresse <span class=\"wpforms-required-label\" aria-hidden=\"true\">*<\/span><\/label><input type=\"email\" id=\"wpforms-18-field_2\" class=\"wpforms-field-medium wpforms-field-required\" name=\"wpforms[fields][2]\" spellcheck=\"false\" aria-errormessage=\"wpforms-18-field_2-error\" required><\/div>\t\t<div id=\"wpforms-18-field_3-container\"\n\t\t\tclass=\"wpforms-field wpforms-field-text\"\n\t\t\tdata-field-type=\"text\"\n\t\t\tdata-field-id=\"3\"\n\t\t\t>\n\t\t\t<label class=\"wpforms-field-label\" for=\"wpforms-18-field_3\" >Art Name Fotos<\/label>\n\t\t\t<input type=\"text\" id=\"wpforms-18-field_3\" class=\"wpforms-field-medium\" name=\"wpforms[fields][3]\" >\n\t\t<\/div>\n\t\t<div id=\"wpforms-18-field_8-container\" class=\"wpforms-field wpforms-field-text\" data-field-id=\"8\"><label class=\"wpforms-field-label\" for=\"wpforms-18-field_8\">PLZ <span class=\"wpforms-required-label\" aria-hidden=\"true\">*<\/span><\/label><input type=\"text\" id=\"wpforms-18-field_8\" class=\"wpforms-field-medium wpforms-field-required\" name=\"wpforms[fields][8]\" aria-errormessage=\"wpforms-18-field_8-error\" required><\/div><div id=\"wpforms-18-field_10-container\" class=\"wpforms-field wpforms-field-checkbox\" data-field-id=\"10\"><fieldset><legend class=\"wpforms-field-label\">Welche Art Fotos h\u00e4tten sie gerne? <span class=\"wpforms-required-label\" aria-hidden=\"true\">*<\/span><\/legend><ul id=\"wpforms-18-field_10\" class=\"wpforms-field-required\"><li class=\"choice-1 depth-1\"><input type=\"checkbox\" id=\"wpforms-18-field_10_1\" name=\"wpforms[fields][10][]\" value=\"Portraitfoto\" aria-errormessage=\"wpforms-18-field_10_1-error\" required ><label class=\"wpforms-field-label-inline\" for=\"wpforms-18-field_10_1\">Portraitfoto<\/label><\/li><li class=\"choice-2 depth-1\"><input type=\"checkbox\" id=\"wpforms-18-field_10_2\" name=\"wpforms[fields][10][]\" value=\"Sitzend \/ liegend\" aria-errormessage=\"wpforms-18-field_10_2-error\" required ><label class=\"wpforms-field-label-inline\" for=\"wpforms-18-field_10_2\">Sitzend \/ liegend<\/label><\/li><li class=\"choice-3 depth-1\"><input type=\"checkbox\" id=\"wpforms-18-field_10_3\" name=\"wpforms[fields][10][]\" value=\"Action\" aria-errormessage=\"wpforms-18-field_10_3-error\" required ><label class=\"wpforms-field-label-inline\" for=\"wpforms-18-field_10_3\">Action<\/label><\/li><li class=\"choice-4 depth-1\"><input type=\"checkbox\" id=\"wpforms-18-field_10_4\" name=\"wpforms[fields][10][]\" value=\"Mit mir zusammen\" aria-errormessage=\"wpforms-18-field_10_4-error\" required ><label class=\"wpforms-field-label-inline\" for=\"wpforms-18-field_10_4\">Mit mir zusammen<\/label><\/li><li class=\"choice-5 depth-1\"><input type=\"checkbox\" id=\"wpforms-18-field_10_5\" name=\"wpforms[fields][10][]\" value=\"Wei\u00df noch nicht...\" aria-errormessage=\"wpforms-18-field_10_5-error\" required ><label class=\"wpforms-field-label-inline\" for=\"wpforms-18-field_10_5\">Wei\u00df noch nicht...<\/label><\/li><\/ul><\/fieldset><\/div><div id=\"wpforms-18-field_5-container\" class=\"wpforms-field wpforms-field-textarea\" data-field-id=\"5\"><label class=\"wpforms-field-label\" for=\"wpforms-18-field_5\">Ihre Nachricht <span class=\"wpforms-required-label\" aria-hidden=\"true\">*<\/span><\/label><textarea id=\"wpforms-18-field_5\" class=\"wpforms-field-medium wpforms-field-required\" name=\"wpforms[fields][5]\" aria-errormessage=\"wpforms-18-field_5-error\" required><\/textarea><\/div><script>\n\t\t\t\t( function() {\n\t\t\t\t\tconst style = document.createElement( 'style' );\n\t\t\t\t\tstyle.appendChild( document.createTextNode( '#wpforms-18-field_3-container { position: absolute !important; overflow: hidden !important; display: inline !important; height: 1px !important; width: 1px !important; z-index: -1000 !important; padding: 0 !important; } #wpforms-18-field_3-container input { visibility: hidden; } #wpforms-conversational-form-page #wpforms-18-field_3-container label { counter-increment: none; }' ) );\n\t\t\t\t\tdocument.head.appendChild( style );\n\t\t\t\t\tdocument.currentScript?.remove();\n\t\t\t\t} )();\n\t\t\t<\/script><\/div><!-- .wpforms-field-container --><div class=\"wpforms-submit-container\" ><input type=\"hidden\" name=\"wpforms[id]\" value=\"18\"><input type=\"hidden\" name=\"page_title\" value=\"\"><input type=\"hidden\" name=\"page_url\" value=\"https:\/\/www.berndis.com\/hundefotografie\/wp-json\/wp\/v2\/pages\/232\"><input type=\"hidden\" name=\"url_referer\" value=\"\"><button type=\"submit\" name=\"wpforms[submit]\" id=\"wpforms-submit-18\" class=\"wpforms-submit\" data-alt-text=\"Wird gesendet\u00a0\u2026\" data-submit-text=\"Absenden\" aria-live=\"assertive\" value=\"wpforms-submit\">Absenden<\/button><img loading=\"lazy\" decoding=\"async\" src=\"https:\/\/www.berndis.com\/hundefotografie\/wp-content\/plugins\/wpforms-lite\/assets\/images\/submit-spin.svg\" class=\"wpforms-submit-spinner\" style=\"display: none;\" width=\"26\" height=\"26\" alt=\"Wird geladen\"><\/div><\/form><\/div>  <!-- .wpforms-container -->[\/et_pb_code][\/et_pb_column][\/et_pb_row][\/et_pb_section][et_pb_section fb_built=&#8220;1&#8243; _builder_version=&#8220;4.27.2&#8243; _module_preset=&#8220;default&#8220; min_height=&#8220;1175.9px&#8220; global_colors_info=&#8220;{}&#8220;][et_pb_row column_structure=&#8220;1_2,1_2&#8243; _builder_version=&#8220;4.27.2&#8243; _module_preset=&#8220;default&#8220; global_colors_info=&#8220;{}&#8220;][et_pb_column type=&#8220;1_2&#8243; _builder_version=&#8220;4.27.2&#8243; _module_preset=&#8220;default&#8220; global_colors_info=&#8220;{}&#8220;][et_pb_image src=&#8220;https:\/\/www.berndis.com\/hundefotografie\/wp-content\/uploads\/2024\/10\/69EE3637_peggy_550X440px.jpg&#8220; alt=&#8220;Border Collie Peggy&#8220; title_text=&#8220;Foto Tricolor Border Collie&#8220; show_in_lightbox=&#8220;on&#8220; _builder_version=&#8220;4.27.2&#8243; _module_preset=&#8220;default&#8220; global_colors_info=&#8220;{}&#8220;][\/et_pb_image][\/et_pb_column][et_pb_column type=&#8220;1_2&#8243; _builder_version=&#8220;4.27.2&#8243; _module_preset=&#8220;default&#8220; global_colors_info=&#8220;{}&#8220;][et_pb_text _builder_version=&#8220;4.27.2&#8243; _module_preset=&#8220;default&#8220; custom_padding=&#8220;||8px|||&#8220; global_colors_info=&#8220;{}&#8220;]<\/p>\n<h3>Hunde Fotoshootings im Umkreis von 50 km um Runkel a.d. Lahn<\/h3>\n<p>Ich bin in einem Umkreis von 50 km rund um Runkel an der Lahn aktiv, sodass ich Dir und deinem Hund in St\u00e4dten und Gemeinden wie Limburg, Weilburg, Bad Camberg, Montabaur, Selters und vielen weiteren Orten im Umland meine Fotografie-Dienstleistungen anbieten kann. Egal, ob du in einem l\u00e4ndlichen Gebiet oder einer st\u00e4dtischen Umgebung wohnst \u2013 ich komme zu dir und gestalte eine Fotosession, die sowohl f\u00fcr dich als auch f\u00fcr deinen Hund stressfrei und angenehm ist.<\/p>\n<p>&nbsp;<\/p>\n<h3>Deine Hundefotografie \u2013 Dein pers\u00f6nliches Kunstwerk<\/h3>\n<p>Bei jeder Fotosession nehme ich mir Zeit, die besonderen Eigenschaften deines Hundes zu entdecken und auf kreative Weise einzufangen. Egal ob du dir klassische Portr\u00e4ts, Action-Aufnahmen im Freien oder lustige Momentaufnahmen w\u00fcnschst \u2013 ich setze deine Vorstellungen professionell um und kreiere f\u00fcr dich unvergessliche Erinnerungen.<\/p>\n<p>Mit jahrelanger Erfahrung und einer Leidenschaft f\u00fcr die Fotografie von Tieren sorge ich daf\u00fcr, dass du am Ende nicht nur sch\u00f6ne Fotos erh\u00e4ltst, sondern echte Kunstwerke, die du stolz an die Wand h\u00e4ngen kannst.<\/p>\n<p>&nbsp;<\/p>\n<h3><\/h3>\n<p>[\/et_pb_text][\/et_pb_column][\/et_pb_row][et_pb_row column_structure=&#8220;1_2,1_2&#8243; _builder_version=&#8220;4.27.2&#8243; _module_preset=&#8220;default&#8220; global_colors_info=&#8220;{}&#8220;][et_pb_column type=&#8220;1_2&#8243; _builder_version=&#8220;4.27.2&#8243; _module_preset=&#8220;default&#8220; global_colors_info=&#8220;{}&#8220;][et_pb_text _builder_version=&#8220;4.27.2&#8243; _module_preset=&#8220;default&#8220; global_colors_info=&#8220;{}&#8220;]<\/p>\n<h3>Warum Hundefotografie mit mir?<\/h3>\n<ul>\n<li><strong>Erfahrung<\/strong>: Als erfahrener Hundefotograf kenne ich die besten Techniken, um das perfekte Bild von deinem Hund zu machen.<\/li>\n<li><strong>Individuelle Betreuung<\/strong>: Jede Fotosession wird speziell auf deinen Hund und deine W\u00fcnsche abgestimmt.<\/li>\n<li><strong>Hunde aller Rassen<\/strong>: Ich fotografiere Hunde aller Rassen und Mischlinge \u2013 aber keine Qualzuchten.<\/li>\n<li><strong>Stressfreie Fotoshootings<\/strong>: Deine Hunde f\u00fchlen sich bei mir sicher und wohl, wodurch nat\u00fcrliche und entspannte Fotos entstehen.<\/li>\n<li><strong>Regional<\/strong>: Ich bin im Umkreis von 50 km um Runkel an der Lahn aktiv und komme direkt zu dir.<\/li>\n<\/ul>\n<h3><\/h3>\n<h3>Jetzt dein Shooting buchen!<\/h3>\n<p>M\u00f6chtest du deinem Hund ein besonderes Geschenk machen und seine Pers\u00f6nlichkeit in Bildern festhalten? Kontaktiere mich noch heute und vereinbare ein Fotoshooting! Ich freue mich darauf, deinen Hund kennenzulernen und gemeinsam mit dir wundersch\u00f6ne Erinnerungen zu schaffen.<\/p>\n<p>Lass uns deinen Vierbeiner im besten Licht erstrahlen!<\/p>\n<p>[\/et_pb_text][\/et_pb_column][et_pb_column type=&#8220;1_2&#8243; _builder_version=&#8220;4.27.2&#8243; _module_preset=&#8220;default&#8220; global_colors_info=&#8220;{}&#8220;][et_pb_image src=&#8220;https:\/\/www.berndis.com\/hundefotografie\/wp-content\/uploads\/2024\/11\/MGL9216_Vizsla_Boss_800X600.jpg&#8220; alt=&#8220;Vizsla Boss&#8220; title_text=&#8220;Vizsla Boss&#8220; _builder_version=&#8220;4.27.2&#8243; _module_preset=&#8220;default&#8220; global_colors_info=&#8220;{}&#8220;][\/et_pb_image][\/et_pb_column][\/et_pb_row][\/et_pb_section][et_pb_section fb_built=&#8220;1&#8243; _builder_version=&#8220;4.27.2&#8243; _module_preset=&#8220;default&#8220; min_height=&#8220;777px&#8220; global_colors_info=&#8220;{}&#8220;][et_pb_row _builder_version=&#8220;4.27.2&#8243; _module_preset=&#8220;default&#8220; global_colors_info=&#8220;{}&#8220;][et_pb_column type=&#8220;4_4&#8243; _builder_version=&#8220;4.27.2&#8243; _module_preset=&#8220;default&#8220; global_colors_info=&#8220;{}&#8220;][et_pb_post_slider include_categories=&#8220;all&#8220; more_text=&#8220;zum Beitrag&#8230;&#8220; _builder_version=&#8220;4.27.2&#8243; _module_preset=&#8220;default&#8220; global_colors_info=&#8220;{}&#8220;][\/et_pb_post_slider][\/et_pb_column][\/et_pb_row][\/et_pb_section]<\/p>\n","protected":false},"excerpt":{"rendered":"<p>So kannst Du mit mir Kontakt aufnehmen&#8230;Entweder per Telefon, Whatsapp, email oder \u00fcber das unten angezeigte Kontaktformular. Tel.\/Whatsapp : +49 160 418 92 93 email: berndishundefotografie@gmail.com Ich freue mich auf Deine Nachricht! <style id=\"wpforms-css-vars-18\">\n\t\t\t\t#wpforms-18 {\n\t\t\t\t--wpforms-container-padding: 0px;\n--wpforms-container-border-width: 1px;\n--wpforms-container-border-radius: 3px;\n--wpforms-background-color: rgba(0, 0, 0, 0);\n--wpforms-field-size-input-height: 43px;\n--wpforms-field-size-input-spacing: 15px;\n--wpforms-field-size-font-size: 16px;\n--wpforms-field-size-line-height: 19px;\n--wpforms-field-size-padding-h: 14px;\n--wpforms-field-size-checkbox-size: 16px;\n--wpforms-field-size-sublabel-spacing: 5px;\n--wpforms-field-size-icon-size: 1;\n--wpforms-label-size-font-size: 16px;\n--wpforms-label-size-line-height: 19px;\n--wpforms-label-size-sublabel-font-size: 14px;\n--wpforms-label-size-sublabel-line-height: 17px;\n--wpforms-button-size-font-size: 17px;\n--wpforms-button-size-height: 41px;\n--wpforms-button-size-padding-h: 15px;\n--wpforms-button-size-margin-top: 10px;\n--wpforms-container-shadow-size-box-shadow: none;\n\t\t\t}\n\t\t\t<\/style><div class=\"wpforms-container wpforms-container-full wpforms-render-modern\" id=\"wpforms-18\"><form id=\"wpforms-form-18\" class=\"wpforms-validate wpforms-form wpforms-ajax-form\" data-formid=\"18\" method=\"post\" enctype=\"multipart\/form-data\" action=\"\/hundefotografie\/wp-json\/wp\/v2\/pages\/232\" data-token=\"0d151739af81d3d74bfcaee0325c1ed5\" data-token-time=\"1776354697\"><noscript class=\"wpforms-error-noscript\">Bitte aktiviere JavaScript in deinem Browser, um dieses Formular fertigzustellen.<\/noscript><div id=\"wpforms-error-noscript\" style=\"display: none;\">Bitte aktiviere JavaScript in deinem Browser, um dieses Formular fertigzustellen.<\/div><div class=\"wpforms-field-container\"><div id=\"wpforms-18-field_1-container\" class=\"wpforms-field wpforms-field-name\" data-field-id=\"1\"><label class=\"wpforms-field-label\" for=\"wpforms-18-field_1\">Name <span class=\"wpforms-required-label\" aria-hidden=\"true\">*<\/span><\/label><input type=\"text\" id=\"wpforms-18-field_1\" class=\"wpforms-field-medium wpforms-field-required\" name=\"wpforms[fields][1]\" aria-errormessage=\"wpforms-18-field_1-error\" required><\/div><div id=\"wpforms-18-field_2-container\" class=\"wpforms-field wpforms-field-email\" data-field-id=\"2\"><label class=\"wpforms-field-label\" for=\"wpforms-18-field_2\">E-Mail-Adresse <span class=\"wpforms-required-label\" aria-hidden=\"true\">*<\/span><\/label><input type=\"email\" id=\"wpforms-18-field_2\" class=\"wpforms-field-medium wpforms-field-required\" name=\"wpforms[fields][2]\" spellcheck=\"false\" aria-errormessage=\"wpforms-18-field_2-error\" required><\/div><div id=\"wpforms-18-field_8-container\" class=\"wpforms-field wpforms-field-text\" data-field-id=\"8\"><label class=\"wpforms-field-label\" for=\"wpforms-18-field_8\">PLZ <span class=\"wpforms-required-label\" aria-hidden=\"true\">*<\/span><\/label><input type=\"text\" id=\"wpforms-18-field_8\" class=\"wpforms-field-medium wpforms-field-required\" name=\"wpforms[fields][8]\" aria-errormessage=\"wpforms-18-field_8-error\" required><\/div><div id=\"wpforms-18-field_10-container\" class=\"wpforms-field wpforms-field-checkbox\" data-field-id=\"10\"><fieldset><legend class=\"wpforms-field-label\">Welche Art Fotos h\u00e4tten sie gerne? <span class=\"wpforms-required-label\" aria-hidden=\"true\">*<\/span><\/legend><ul id=\"wpforms-18-field_10\" class=\"wpforms-field-required\"><li class=\"choice-1 depth-1\"><input type=\"checkbox\" id=\"wpforms-18-field_10_1\" name=\"wpforms[fields][10][]\" value=\"Portraitfoto\" aria-errormessage=\"wpforms-18-field_10_1-error\" required ><label class=\"wpforms-field-label-inline\" for=\"wpforms-18-field_10_1\">Portraitfoto<\/label><\/li><li class=\"choice-2 depth-1\"><input type=\"checkbox\" id=\"wpforms-18-field_10_2\" name=\"wpforms[fields][10][]\" value=\"Sitzend \/ liegend\" aria-errormessage=\"wpforms-18-field_10_2-error\" required ><label class=\"wpforms-field-label-inline\" for=\"wpforms-18-field_10_2\">Sitzend \/ liegend<\/label><\/li><li class=\"choice-3 depth-1\"><input type=\"checkbox\" id=\"wpforms-18-field_10_3\" name=\"wpforms[fields][10][]\" value=\"Action\" aria-errormessage=\"wpforms-18-field_10_3-error\" required ><label class=\"wpforms-field-label-inline\" for=\"wpforms-18-field_10_3\">Action<\/label><\/li><li class=\"choice-4 depth-1\"><input type=\"checkbox\" id=\"wpforms-18-field_10_4\" name=\"wpforms[fields][10][]\" value=\"Mit mir zusammen\" aria-errormessage=\"wpforms-18-field_10_4-error\" required ><label class=\"wpforms-field-label-inline\" for=\"wpforms-18-field_10_4\">Mit mir zusammen<\/label><\/li><li class=\"choice-5 depth-1\"><input type=\"checkbox\" id=\"wpforms-18-field_10_5\" name=\"wpforms[fields][10][]\" value=\"Wei\u00df noch nicht...\" aria-errormessage=\"wpforms-18-field_10_5-error\" required ><label class=\"wpforms-field-label-inline\" for=\"wpforms-18-field_10_5\">Wei\u00df noch nicht...<\/label><\/li><\/ul><\/fieldset><\/div>\t\t<div id=\"wpforms-18-field_3-container\"\n\t\t\tclass=\"wpforms-field wpforms-field-text\"\n\t\t\tdata-field-type=\"text\"\n\t\t\tdata-field-id=\"3\"\n\t\t\t>\n\t\t\t<label class=\"wpforms-field-label\" for=\"wpforms-18-field_3\" >E-Mail-Adresse sie h\u00e4tten<\/label>\n\t\t\t<input type=\"text\" id=\"wpforms-18-field_3\" class=\"wpforms-field-medium\" name=\"wpforms[fields][3]\" >\n\t\t<\/div>\n\t\t<div id=\"wpforms-18-field_5-container\" class=\"wpforms-field wpforms-field-textarea\" data-field-id=\"5\"><label class=\"wpforms-field-label\" for=\"wpforms-18-field_5\">Ihre Nachricht <span class=\"wpforms-required-label\" aria-hidden=\"true\">*<\/span><\/label><textarea id=\"wpforms-18-field_5\" class=\"wpforms-field-medium wpforms-field-required\" name=\"wpforms[fields][5]\" aria-errormessage=\"wpforms-18-field_5-error\" required><\/textarea><\/div><script>\n\t\t\t\t( function() {\n\t\t\t\t\tconst style = document.createElement( 'style' );\n\t\t\t\t\tstyle.appendChild( document.createTextNode( '#wpforms-18-field_3-container { position: absolute !important; overflow: hidden !important; display: inline !important; height: 1px !important; width: 1px !important; z-index: -1000 !important; padding: 0 !important; } #wpforms-18-field_3-container input { visibility: hidden; } #wpforms-conversational-form-page #wpforms-18-field_3-container label { counter-increment: none; }' ) );\n\t\t\t\t\tdocument.head.appendChild( style );\n\t\t\t\t\tdocument.currentScript?.remove();\n\t\t\t\t} )();\n\t\t\t<\/script><\/div><!-- .wpforms-field-container --><div class=\"wpforms-submit-container\" ><input type=\"hidden\" name=\"wpforms[id]\" value=\"18\"><input type=\"hidden\" name=\"page_title\" value=\"\"><input type=\"hidden\" name=\"page_url\" value=\"https:\/\/www.berndis.com\/hundefotografie\/wp-json\/wp\/v2\/pages\/232\"><input type=\"hidden\" name=\"url_referer\" value=\"\"><button type=\"submit\" name=\"wpforms[submit]\" id=\"wpforms-submit-18\" class=\"wpforms-submit\" data-alt-text=\"Wird gesendet\u00a0\u2026\" data-submit-text=\"Absenden\" aria-live=\"assertive\" value=\"wpforms-submit\">Absenden<\/button><img loading=\"lazy\" decoding=\"async\" src=\"https:\/\/www.berndis.com\/hundefotografie\/wp-content\/plugins\/wpforms-lite\/assets\/images\/submit-spin.svg\" class=\"wpforms-submit-spinner\" style=\"display: none;\" width=\"26\" height=\"26\" alt=\"Wird geladen\"><\/div><\/form><\/div>  <!-- .wpforms-container -->Hunde Fotoshootings im Umkreis von 50 km um Runkel a.d. Lahn Ich bin in einem Umkreis von 50 km rund um Runkel [&hellip;]<\/p>\n","protected":false},"author":1,"featured_media":0,"parent":0,"menu_order":0,"comment_status":"closed","ping_status":"closed","template":"","meta":{"_et_pb_use_builder":"on","_et_pb_old_content":"","_et_gb_content_width":"","footnotes":""},"class_list":["post-232","page","type-page","status-publish","hentry"],"_links":{"self":[{"href":"https:\/\/www.berndis.com\/hundefotografie\/wp-json\/wp\/v2\/pages\/232","targetHints":{"allow":["GET"]}}],"collection":[{"href":"https:\/\/www.berndis.com\/hundefotografie\/wp-json\/wp\/v2\/pages"}],"about":[{"href":"https:\/\/www.berndis.com\/hundefotografie\/wp-json\/wp\/v2\/types\/page"}],"author":[{"embeddable":true,"href":"https:\/\/www.berndis.com\/hundefotografie\/wp-json\/wp\/v2\/users\/1"}],"replies":[{"embeddable":true,"href":"https:\/\/www.berndis.com\/hundefotografie\/wp-json\/wp\/v2\/comments?post=232"}],"version-history":[{"count":18,"href":"https:\/\/www.berndis.com\/hundefotografie\/wp-json\/wp\/v2\/pages\/232\/revisions"}],"predecessor-version":[{"id":647,"href":"https:\/\/www.berndis.com\/hundefotografie\/wp-json\/wp\/v2\/pages\/232\/revisions\/647"}],"wp:attachment":[{"href":"https:\/\/www.berndis.com\/hundefotografie\/wp-json\/wp\/v2\/media?parent=232"}],"curies":[{"name":"wp","href":"https:\/\/api.w.org\/{rel}","templated":true}]}}